{"id":255,"date":"2016-07-25T11:56:49","date_gmt":"2016-07-25T11:56:49","guid":{"rendered":"http:\/\/demo.xonja.com\/petronella\/viinit\/?lang=en"},"modified":"2024-01-02T08:59:18","modified_gmt":"2024-01-02T08:59:18","slug":"drink-and-wine-list","status":"publish","type":"page","link":"https:\/\/ravintolapetronella.fi\/en\/drink-and-wine-list\/","title":{"rendered":"Drink and Wine List"},"content":{"rendered":"<p>[vc_row][vc_column width=&#8221;1\/2&#8243;][vc_column_text]<\/p>\n<h3>Gin &amp; Tonic<\/h3>\n<p><strong>Napue<\/strong><br \/>\n4cl. Napue Gin<br \/>\nFever-Tree Tonic<br \/>\nCranberry<br \/>\nRosemary<br \/>\n<em>13.00<\/em><\/p>\n<p><strong>Arctic Blue<\/strong><br \/>\n4cl. Arctic Blue Gin<br \/>\nFever-Tree Tonic<br \/>\nBlueberry<br \/>\n<em>13.00<\/em><\/p>\n<p><strong>Pinkki<\/strong><br \/>\n4cl Kyr\u00f6 Pink Gin<br \/>\nFever-Tree Tonic<br \/>\nRaspberry<br \/>\n<em>13.00<\/em><\/p>\n<p><strong>Koskue<\/strong><br \/>\n4cl Kry\u00f6 Dark Gin<br \/>\nHot apple juice<br \/>\nCinnamon<br \/>\n<em>14.00<\/em>[\/vc_column_text][\/vc_column][vc_column width=&#8221;1\/2&#8243;][vc_column_text]<\/p>\n<h3>Cocktails<\/h3>\n<p><strong>Petronellan Kukkulat<\/strong><br \/>\n2cl. Finlandia Vodka<br \/>\n1cl Cointreau<br \/>\n1cl Vermouth Extra Dry<br \/>\n<em>11.50\u00a0<\/em><\/p>\n<p><strong>Lakka Sour<\/strong><br \/>\n2cl. Shaman\u2019s Vodka<br \/>\n2cl. Cloudberry Liqueur<br \/>\nLemon<br \/>\nCloudberries<br \/>\nEgg White<br \/>\n<em>13.00\u00a0<\/em><\/p>\n<p><strong>Dry Martini<\/strong><br \/>\n3cl Gin<br \/>\n1cl Vermouth<br \/>\nOlive<br \/>\n<em>11.50\u00a0<\/em><\/p>\n<p><strong>Lapin Mustikka<\/strong><br \/>\n4cl. Shaman\u2019s Bilberry Vodka<br \/>\nFever- Tree Tonic<br \/>\nBillberries<br \/>\nLime<br \/>\n<em>12.50\u00a0<\/em><\/p>\n<p><strong>Lapin Puolukka<\/strong><br \/>\n4cl. Shaman\u2019s Lingonberry Vodka<br \/>\nFever- Tree Tonic<br \/>\nLingonberries<br \/>\nLime<br \/>\n<em>12.50\u00a0<\/em><\/p>\n<p><strong>Negroni<\/strong><br \/>\n2cl. Gin<br \/>\n2cl. Campari<br \/>\n2cl. Vermouth Rosso<br \/>\n<em>12.50\u00a0<\/em>[\/vc_column_text][\/vc_column][\/vc_row][vc_row][vc_column][vc_column_text]\n<table id=\"tablepress-9\" class=\"tablepress tablepress-id-9\">\n<tbody>\n<tr class=\"row-1\">\n\t<td class=\"column-1\"><strong>Champagne and Sparkling Wines<\/strong><\/td><td class=\"column-2\">Bottle<\/td><td class=\"column-3\">12cl<\/td>\n<\/tr>\n<tr class=\"row-2\">\n\t<td class=\"column-1\">Champagne Gruet Selection Brut<\/td><td class=\"column-2\">86<\/td><td class=\"column-3\">14.5<\/td>\n<\/tr>\n<tr class=\"row-3\">\n\t<td class=\"column-1\">Champagne Gruet Blanc de Blancs Millesime 2016<\/td><td class=\"column-2\">106<\/td><td class=\"column-3\"><\/td>\n<\/tr>\n<tr class=\"row-4\">\n\t<td class=\"column-1\">Cava Bocchoris Brut uvas Felices<\/td><td class=\"column-2\">45<\/td><td class=\"column-3\">7.8<\/td>\n<\/tr>\n<tr class=\"row-5\">\n\t<td class=\"column-1\">Prosecco Brut D.O.C. Cornaro<\/td><td class=\"column-2\">48<\/td><td class=\"column-3\">8.4<\/td>\n<\/tr>\n<tr class=\"row-6\">\n\t<td class=\"column-1\"><\/td><td class=\"column-2\"><\/td><td class=\"column-3\"><\/td>\n<\/tr>\n<tr class=\"row-7\">\n\t<td class=\"column-1\">Alcohol Free:<\/td><td class=\"column-2\"><\/td><td class=\"column-3\"><\/td>\n<\/tr>\n<tr class=\"row-8\">\n\t<td class=\"column-1\">Punapukuinen: Cava ja Puolukkali\u00f6\u00f6ri<\/td><td class=\"column-2\"><\/td><td class=\"column-3\">10.5<\/td>\n<\/tr>\n<tr class=\"row-9\">\n\t<td class=\"column-1\">Lakkakuohu: Cava ja Lakkali\u00f6\u00f6ri<\/td><td class=\"column-2\"><\/td><td class=\"column-3\">10.5<\/td>\n<\/tr>\n<tr class=\"row-10\">\n\t<td class=\"column-1\"><\/td><td class=\"column-2\"><\/td><td class=\"column-3\"><\/td>\n<\/tr>\n<tr class=\"row-11\">\n\t<td class=\"column-1\"><strong>Beers<\/strong><\/td><td class=\"column-2\">Bottle<\/td><td class=\"column-3\">Bottle (size)<\/td>\n<\/tr>\n<tr class=\"row-12\">\n\t<td class=\"column-1\">Lapland Original Lager 5.2%<\/td><td class=\"column-2\">8<\/td><td class=\"column-3\">0.33l<\/td>\n<\/tr>\n<tr class=\"row-13\">\n\t<td class=\"column-1\">Lapin Kulta A 5.2%<\/td><td class=\"column-2\">9<\/td><td class=\"column-3\">0.5l<\/td>\n<\/tr>\n<tr class=\"row-14\">\n\t<td class=\"column-1\">Lapin Panimon Oluet 4.3%<\/td><td class=\"column-2\">9.5<\/td><td class=\"column-3\">0.33l<\/td>\n<\/tr>\n<tr class=\"row-15\">\n\t<td class=\"column-1\">Lahden Erikois IPA<\/td><td class=\"column-2\">7.5<\/td><td class=\"column-3\">0.33l<\/td>\n<\/tr>\n<tr class=\"row-16\">\n\t<td class=\"column-1\">Laitilan Kukko Gluteeniton 5.5%<\/td><td class=\"column-2\">8.5<\/td><td class=\"column-3\">0.5l<\/td>\n<\/tr>\n<tr class=\"row-17\">\n\t<td class=\"column-1\">Aura Lager 4.5%<\/td><td class=\"column-2\">7.5<\/td><td class=\"column-3\">0.33l<\/td>\n<\/tr>\n<tr class=\"row-18\">\n\t<td class=\"column-1\"><\/td><td class=\"column-2\"><\/td><td class=\"column-3\"><\/td>\n<\/tr>\n<tr class=\"row-19\">\n\t<td class=\"column-1\"><\/td><td class=\"column-2\"><\/td><td class=\"column-3\"><\/td>\n<\/tr>\n<tr class=\"row-20\">\n\t<td class=\"column-1\"><strong>White Wines<\/strong><\/td><td class=\"column-2\">Bottle<\/td><td class=\"column-3\">16cl<\/td>\n<\/tr>\n<tr class=\"row-21\">\n\t<td class=\"column-1\">Italy:<\/td><td class=\"column-2\"><\/td><td class=\"column-3\"><\/td>\n<\/tr>\n<tr class=\"row-22\">\n\t<td class=\"column-1\">Pinot Grigio Delle Venezie, Montelliana Pinot grigio 2021<\/td><td class=\"column-2\">47<\/td><td class=\"column-3\">9.2<\/td>\n<\/tr>\n<tr class=\"row-23\">\n\t<td class=\"column-1\"><\/td><td class=\"column-2\"><\/td><td class=\"column-3\"><\/td>\n<\/tr>\n<tr class=\"row-24\">\n\t<td class=\"column-1\">France:<\/td><td class=\"column-2\"><\/td><td class=\"column-3\"><\/td>\n<\/tr>\n<tr class=\"row-25\">\n\t<td class=\"column-1\">Pinot Gris Grand Alexandre, Vins Biecher<br> Pinot Gris 2021, Alsace<\/td><td class=\"column-2\">58<\/td><td class=\"column-3\">12.4<\/td>\n<\/tr>\n<tr class=\"row-26\">\n\t<td class=\"column-1\">Pinot Blanc Mise du Printemps, Josemeyer <br>Pinot Gris 2022, Alsace<\/td><td class=\"column-2\">66<\/td><td class=\"column-3\">14<\/td>\n<\/tr>\n<tr class=\"row-27\">\n\t<td class=\"column-1\">Accord des Anges, Maison Laudasius <br>Chenin Blanc 2019, Loire<\/td><td class=\"column-2\">67.5<\/td><td class=\"column-3\">14.5<\/td>\n<\/tr>\n<tr class=\"row-28\">\n\t<td class=\"column-1\">Sancerre Blanc, Daniel Reverdy &amp; Fils <br>Sauvignon Blanc 2020, Verdigny<\/td><td class=\"column-2\">72.5<\/td><td class=\"column-3\">16.4<\/td>\n<\/tr>\n<tr class=\"row-29\">\n\t<td class=\"column-1\">Chablis des Malandes, Domaine Malandes <br>Chardonnay 2021, Chablis<\/td><td class=\"column-2\">78<\/td><td class=\"column-3\"><\/td>\n<\/tr>\n<tr class=\"row-30\">\n\t<td class=\"column-1\"><\/td><td class=\"column-2\"><\/td><td class=\"column-3\"><\/td>\n<\/tr>\n<tr class=\"row-31\">\n\t<td class=\"column-1\">Spain:<\/td><td class=\"column-2\"><\/td><td class=\"column-3\"><\/td>\n<\/tr>\n<tr class=\"row-32\">\n\t<td class=\"column-1\">Yeya, La Diosa Del Mar, Finca Bacara<br> Moscatel de Alejandria &amp; Chardonnay 2021<\/td><td class=\"column-2\">53<\/td><td class=\"column-3\">10.4<\/td>\n<\/tr>\n<tr class=\"row-33\">\n\t<td class=\"column-1\"><\/td><td class=\"column-2\"><\/td><td class=\"column-3\"><\/td>\n<\/tr>\n<tr class=\"row-34\">\n\t<td class=\"column-1\">Germany:<\/td><td class=\"column-2\"><\/td><td class=\"column-3\"><\/td>\n<\/tr>\n<tr class=\"row-35\">\n\t<td class=\"column-1\">Breuer Riesling \u2018Charm\u2019<br> Riesling 2021, Rheingau<\/td><td class=\"column-2\">60<\/td><td class=\"column-3\">12.8<\/td>\n<\/tr>\n<tr class=\"row-36\">\n\t<td class=\"column-1\">Zero S Weiss, Gustafshof <br>Grauburgunder ja Johanniter 2021<\/td><td class=\"column-2\">63<\/td><td class=\"column-3\">13.50<\/td>\n<\/tr>\n<tr class=\"row-37\">\n\t<td class=\"column-1\"><\/td><td class=\"column-2\"><\/td><td class=\"column-3\"><\/td>\n<\/tr>\n<tr class=\"row-38\">\n\t<td class=\"column-1\">Austria:<\/td><td class=\"column-2\"><\/td><td class=\"column-3\"><\/td>\n<\/tr>\n<tr class=\"row-39\">\n\t<td class=\"column-1\">Gruner Veltliner der Fuchs, Donabaum <br>Gruner Veltliner 2022<\/td><td class=\"column-2\">61.00<\/td><td class=\"column-3\">13.00<\/td>\n<\/tr>\n<tr class=\"row-40\">\n\t<td class=\"column-1\">Riesling Rehbock, Donabaum<br> Riesling 2021<\/td><td class=\"column-2\">63.00<\/td><td class=\"column-3\">13.50<\/td>\n<\/tr>\n<tr class=\"row-41\">\n\t<td class=\"column-1\"><\/td><td class=\"column-2\"><\/td><td class=\"column-3\"><\/td>\n<\/tr>\n<tr class=\"row-42\">\n\t<td class=\"column-1\">South Africa:<\/td><td class=\"column-2\"><\/td><td class=\"column-3\"><\/td>\n<\/tr>\n<tr class=\"row-43\">\n\t<td class=\"column-1\">Buiten Blanc, Buitenverwachting <br>Chenin Blanc, Sauvignon Blanc, Semillon 2021<\/td><td class=\"column-2\">47.00<\/td><td class=\"column-3\">9.20<\/td>\n<\/tr>\n<tr class=\"row-44\">\n\t<td class=\"column-1\"><\/td><td class=\"column-2\"><\/td><td class=\"column-3\"><\/td>\n<\/tr>\n<tr class=\"row-45\">\n\t<td class=\"column-1\"><\/td><td class=\"column-2\"><\/td><td class=\"column-3\"><\/td>\n<\/tr>\n<tr class=\"row-46\">\n\t<td class=\"column-1\"><strong>Red Wines<\/strong><\/td><td class=\"column-2\">Bottle<\/td><td class=\"column-3\">16cl<\/td>\n<\/tr>\n<tr class=\"row-47\">\n\t<td class=\"column-1\">Spain:<\/td><td class=\"column-2\"><\/td><td class=\"column-3\"><\/td>\n<\/tr>\n<tr class=\"row-48\">\n\t<td class=\"column-1\">Microcosmico, Bodegas Frontonio<br> Garnacha 2020<\/td><td class=\"column-2\">64.00<\/td><td class=\"column-3\">13.60<\/td>\n<\/tr>\n<tr class=\"row-49\">\n\t<td class=\"column-1\">Marques De Tosos Gran Reserva<br> Tempranillo, Cab. Sauvignon, Garnacha 2014<\/td><td class=\"column-2\">62.00<\/td><td class=\"column-3\">12.50<\/td>\n<\/tr>\n<tr class=\"row-50\">\n\t<td class=\"column-1\"><\/td><td class=\"column-2\"><\/td><td class=\"column-3\"><\/td>\n<\/tr>\n<tr class=\"row-51\">\n\t<td class=\"column-1\">Italy:<\/td><td class=\"column-2\"><\/td><td class=\"column-3\"><\/td>\n<\/tr>\n<tr class=\"row-52\">\n\t<td class=\"column-1\">Chianti Classico Riserva<br> Sangiovese, Merlot 2019<\/td><td class=\"column-2\">55.00<\/td><td class=\"column-3\">11.80<\/td>\n<\/tr>\n<tr class=\"row-53\">\n\t<td class=\"column-1\">Lam\u00f9ri, Sicilia<br> Nero d\u2019Avola 2019<\/td><td class=\"column-2\">57.00<\/td><td class=\"column-3\">12.00<\/td>\n<\/tr>\n<tr class=\"row-54\">\n\t<td class=\"column-1\">Amarone della Valpolicella \u201cLa Rosta\u201d <br>Corvina, Rondinella, Corvinone 2020<\/td><td class=\"column-2\">78.00<\/td><td class=\"column-3\">16.00<\/td>\n<\/tr>\n<tr class=\"row-55\">\n\t<td class=\"column-1\"><\/td><td class=\"column-2\"><\/td><td class=\"column-3\"><\/td>\n<\/tr>\n<tr class=\"row-56\">\n\t<td class=\"column-1\">Georgia:<\/td><td class=\"column-2\"><\/td><td class=\"column-3\"><\/td>\n<\/tr>\n<tr class=\"row-57\">\n\t<td class=\"column-1\">Bedoba Saperavi <br>Saperavi 2020<\/td><td class=\"column-2\">59.00<\/td><td class=\"column-3\">13.00<\/td>\n<\/tr>\n<tr class=\"row-58\">\n\t<td class=\"column-1\"><\/td><td class=\"column-2\"><\/td><td class=\"column-3\"><\/td>\n<\/tr>\n<tr class=\"row-59\">\n\t<td class=\"column-1\">France:<\/td><td class=\"column-2\"><\/td><td class=\"column-3\"><\/td>\n<\/tr>\n<tr class=\"row-60\">\n\t<td class=\"column-1\">Merlot IGP Ardeche Rouge<br> Merlot 2020, Ardeche<\/td><td class=\"column-2\">48.00<\/td><td class=\"column-3\">10.50<\/td>\n<\/tr>\n<tr class=\"row-61\">\n\t<td class=\"column-1\">Les Darons Rouge, Jeff Carrell<br> Syrah, Carignan, Grenache 2020<\/td><td class=\"column-2\">60.00<\/td><td class=\"column-3\">12.80<\/td>\n<\/tr>\n<tr class=\"row-62\">\n\t<td class=\"column-1\">Abbe Rous Pinot Noir, Cave de l\u2019Abb\u00e9 Rous <br>Pinot Noir 2019, Languedoc- Roussilon<\/td><td class=\"column-2\">62.00<\/td><td class=\"column-3\">13.40<\/td>\n<\/tr>\n<tr class=\"row-63\">\n\t<td class=\"column-1\">Les Deux Albion Rouge, C\u00f4tes du Rh\u00f4ne <br>Ch\u00e2teau de Saint Cosme<br> Syrah, Grenache, Mourvedre 2020, Rh\u00f4ne<\/td><td class=\"column-2\">79.00<\/td><td class=\"column-3\"><\/td>\n<\/tr>\n<tr class=\"row-64\">\n\t<td class=\"column-1\"><\/td><td class=\"column-2\"><\/td><td class=\"column-3\"><\/td>\n<\/tr>\n<tr class=\"row-65\">\n\t<td class=\"column-1\">Slovenia:<\/td><td class=\"column-2\"><\/td><td class=\"column-3\"><\/td>\n<\/tr>\n<tr class=\"row-66\">\n\t<td class=\"column-1\">Vipava 1894, Lanthieri Storia <br>Cabernet Sauvignon, Merlot 2019<\/td><td class=\"column-2\">52.00<\/td><td class=\"column-3\">11.50<\/td>\n<\/tr>\n<\/tbody>\n<\/table>\n<!-- #tablepress-9 from cache -->[\/vc_column_text][\/vc_column][\/vc_row]<\/p>\n","protected":false},"excerpt":{"rendered":"<p>[vc_row][vc_column width=&#8221;1\/2&#8243;][vc_column_text] Gin &amp; Tonic Napue 4cl. Napue Gin Fever-Tree Tonic Cranberry Rosemary 13.00 Arctic Blue 4cl. Arctic Blue Gin Fever-Tree Tonic Blueberry 13.00 Pinkki 4cl Kyr\u00f6 Pink Gin Fever-Tree Tonic Raspberry 13.00 Koskue 4cl Kry\u00f6 Dark Gin Hot apple juice Cinnamon 14.00[\/vc_column_text][\/vc_column][vc_column width=&#8221;1\/2&#8243;][vc_column_text] Cocktails Petronellan Kukkulat 2cl. Finlandia Vodka 1cl Cointreau 1cl Vermouth Extra [&hellip;]<\/p>\n","protected":false},"author":1,"featured_media":1392,"parent":0,"menu_order":0,"comment_status":"closed","ping_status":"closed","template":"","meta":{"_et_pb_use_builder":"","_et_pb_old_content":"","_et_gb_content_width":"","footnotes":""},"class_list":["post-255","page","type-page","status-publish","has-post-thumbnail","hentry"],"_links":{"self":[{"href":"https:\/\/ravintolapetronella.fi\/en\/wp-json\/wp\/v2\/pages\/255","targetHints":{"allow":["GET"]}}],"collection":[{"href":"https:\/\/ravintolapetronella.fi\/en\/wp-json\/wp\/v2\/pages"}],"about":[{"href":"https:\/\/ravintolapetronella.fi\/en\/wp-json\/wp\/v2\/types\/page"}],"author":[{"embeddable":true,"href":"https:\/\/ravintolapetronella.fi\/en\/wp-json\/wp\/v2\/users\/1"}],"replies":[{"embeddable":true,"href":"https:\/\/ravintolapetronella.fi\/en\/wp-json\/wp\/v2\/comments?post=255"}],"version-history":[{"count":28,"href":"https:\/\/ravintolapetronella.fi\/en\/wp-json\/wp\/v2\/pages\/255\/revisions"}],"predecessor-version":[{"id":1864,"href":"https:\/\/ravintolapetronella.fi\/en\/wp-json\/wp\/v2\/pages\/255\/revisions\/1864"}],"wp:featuredmedia":[{"embeddable":true,"href":"https:\/\/ravintolapetronella.fi\/en\/wp-json\/wp\/v2\/media\/1392"}],"wp:attachment":[{"href":"https:\/\/ravintolapetronella.fi\/en\/wp-json\/wp\/v2\/media?parent=255"}],"curies":[{"name":"wp","href":"https:\/\/api.w.org\/{rel}","templated":true}]}}